{"id":681,"date":"2024-01-14T20:14:38","date_gmt":"2024-01-14T20:14:38","guid":{"rendered":"https:\/\/www.betterjob.ch\/?page_id=681"},"modified":"2024-01-14T20:16:36","modified_gmt":"2024-01-14T20:16:36","slug":"datenschutz","status":"publish","type":"page","link":"https:\/\/www.betterjob.ch\/?page_id=681","title":{"rendered":"Datenschutz"},"content":{"rendered":"<p><strong>Vorwort<\/strong><\/p>\n<p>Wir nehmen den Schutz Ihrer privaten Daten ernst. Die besondere Beachtung der Privatsph\u00e4re bei der Verarbeitung pers\u00f6nlicher Daten ist uns ein wichtiges Anliegen. Pers\u00f6nliche Daten werden gem\u00e4ss den Bestimmungen des Bundesdatensschutzgesetzes BDSG verwendet. Die Betreiber dieser Website verpflichten sich zur Verschwiegenheit. Diese Webseiten k\u00f6nnen Links zu Webseiten anderer Anbieter enthalten, auf die sich diese Datenschutzerkl\u00e4rung nicht erstreckt.<\/p>\n<p><strong>Personenbezogene Daten<\/strong><\/p>\n<p>Personenbezogene Daten sind Informationen, die dazu genutzt werden k\u00f6nnen, die Identit\u00e4t zu erfahren. Darunter fallen Informationen wie richtiger Name, Adresse, Postanschrift, Telefonnummer. Informationen, die nicht direkt mit der wirklichen Identit\u00e4t in Verbindung gebracht werden (wie zum Beispiel favorisierte Webseiten oder Anzahl der Nutzer einer Site) fallen nicht darunter. Man kann unser Online-Angebot grunds\u00e4tzlich ohne Offenlegung der Identit\u00e4t nutzen. Wenn man sich f\u00fcr eine Registrierung entscheidet, sich also als Mitglied (registrierter Benutzer) anmeldet, kann man im individuellen Benutzerprofil pers\u00f6nlichen Informationen hinterlegen. Es unterliegt der freien Entscheidung, ob diese Daten eingegeben werden. Da versucht wird, f\u00fcr eine Nutzung des Angebots so wenig wie m\u00f6glich personenbezogene Daten zu erheben, reicht f\u00fcr eine Registrierung die Angabe eines Namens \u2013 unter dem man als Mitglied gef\u00fchrt wird und der nicht mit dem realen Namen \u00fcbereinstimmen muss \u2013 und die Angabe der E-Mail-Adresse, an die das Kennwort geschickt wird, aus. In Verbindung mit dem Zugriff auf unsere Seiten werden serverseitig Daten (zum Beispiel IP-Adresse, Datum, Uhrzeit und betrachtete Seiten) gespeichert. Es findet keine personenbezogene Verwertung statt. Die statistische Auswertung anonymisierter Datens\u00e4tze bleibt vorbehalten. Wir nutzen die pers\u00f6nlichen Daten zu Zwecken der technischen Administration der Webseiten und zur Kundenverwaltung nur im jeweils daf\u00fcr erforderlichen Umfang. Dar\u00fcber hinaus werden pers\u00f6nliche Daten nur dann gespeichert, wenn diese freiwillig angegeben werden.<\/p>\n<p><strong>Weitergabe personenbezogener Daten<\/strong><\/p>\n<p>Wir verwenden personenbezogene Informationen nur f\u00fcr diese Webseite. Wir geben die Informationen nicht ohne ausdr\u00fcckliches Einverst\u00e4ndnis an Dritte weiter. Sollten im Rahmen der Auftragsdatenverarbeitung Daten an Dienstleister weitergegeben werden, so sind diese an das Bundesdatenschutzgesetz BDSG, andere gesetzliche Vorschriften und an diese Privacy Policy gebunden. Erhebungen beziehungsweise \u00dcbermittlungen pers\u00f6nlicher Daten an staatliche Einrichtungen und Beh\u00f6rden erfolgen nur im Rahmen zwingender Rechtsvorschriften.<\/p>\n<p><strong>Kinder<\/strong><\/p>\n<p>Personen unter 18 Jahren sollten ohne Zustimmung der Eltern oder Erziehungsberechtigten keine personenbezogenen Daten an uns \u00fcbermitteln. Wir fordern keine personenbezogenen Daten von Kindern an, sammeln diese nicht und geben sie nicht an Dritte weiter.<\/p>\n<p><strong>Recht auf Widerruf<\/strong><\/p>\n<p>Wenn Sie uns personenbezogene Daten \u00fcberlassen haben, k\u00f6nnen Sie diese jederzeit im Benutzerprofil wieder \u00e4ndern und l\u00f6schen. F\u00fcr eine vollst\u00e4ndige L\u00f6schung des Accounts bitte an den Webmaster wenden. Bis zu diesem Zeitpunkt erfolgte Beitr\u00e4ge in Foren, Kommentaren, Terminank\u00fcndigungen und Artikeln bleiben allerdings unter Umst\u00e4nden erhalten \u2013 Informationen dazu auch bei den allgemeinen Nutzungsbedingungen.<\/p>\n<p><strong>Links zu anderen Websites<\/strong><\/p>\n<p>Unser Online-Angebot enth\u00e4lt Links zu anderen Websites. Wir haben keinen Einfluss darauf, dass deren Betreiber die Datenschutzbestimmungen einhalten.<\/p>\n<p><strong>Beitr\u00e4ge<\/strong><\/p>\n<p>Die Beitr\u00e4ge auf unserer Seite sind f\u00fcr jeden zug\u00e4nglich. Beitr\u00e4ge sollten vor der Ver\u00f6ffentlichung sorgf\u00e4ltig darauf \u00fcberpr\u00fcft werden, ob sie Angaben enthalten, die nicht f\u00fcr die \u00d6ffentlichkeit bestimmt sind. Die Beitr\u00e4ge werden m\u00f6glicherweise in Suchmaschinen erfasst und auch ohne gezielten Aufruf dieser Website weltweit zugreifbar.<\/p>\n<p><strong>Auskunftsrecht<\/strong><\/p>\n<p>Sie haben jederzeit das Recht auf Auskunft \u00fcber die bez\u00fcglich Ihrer Person gespeicherten Daten, deren Herkunft und Empf\u00e4nger sowie den Zweck der Datenverarbeitung. Auskunft \u00fcber die gespeicherten Daten gibt der Webmaster.<\/p>\n<p><strong>Sicherheitshinweis<\/strong><\/p>\n<p>Wir sind bem\u00fcht Ihre personenbezogenen Daten durch Ergreifung aller technischen und organisatorischen M\u00f6glichkeiten so zu speichern, dass sie f\u00fcr Dritte nicht zug\u00e4nglich sind. Bei der Kommunikation per E-Mail kann die vollst\u00e4ndige Datensicherheit von uns nicht gew\u00e4hrleistet werden, so dass wir Ihnen bei vertraulichen Informationen den Postweg empfehlen.<\/p>\n","protected":false},"excerpt":{"rendered":"<p>Vorwort Wir nehmen den Schutz Ihrer privaten Daten ernst. Die besondere Beachtung der Privatsph\u00e4re bei der Verarbeitung pers\u00f6nlicher Daten ist uns ein wichtiges Anliegen. Pers\u00f6nliche Daten werden gem\u00e4ss den Bestimmungen des Bundesdatensschutzgesetzes BDSG verwendet. Die Betreiber dieser Website verpflichten sich &hellip; <a href=\"https:\/\/www.betterjob.ch\/?page_id=681\">Weiter<\/a><\/p>\n","protected":false},"author":1,"featured_media":0,"parent":0,"menu_order":0,"comment_status":"closed","ping_status":"closed","template":"","meta":{"kt_blocks_editor_width":""},"yoast_head":"<!-- This site is optimized with the Yoast SEO plugin v20.6 - https:\/\/yoast.com\/wordpress\/plugins\/seo\/ -->\n<title>Datenschutz - BetterJob.ch<\/title>\n<meta name=\"robots\" content=\"index, follow, max-snippet:-1, max-image-preview:large, max-video-preview:-1\" \/>\n<link rel=\"canonical\" href=\"https:\/\/www.betterjob.ch\/?page_id=681\" \/>\n<meta property=\"og:locale\" content=\"de_DE\" \/>\n<meta property=\"og:type\" content=\"article\" \/>\n<meta property=\"og:title\" content=\"Datenschutz - BetterJob.ch\" \/>\n<meta property=\"og:description\" content=\"Vorwort Wir nehmen den Schutz Ihrer privaten Daten ernst. Die besondere Beachtung der Privatsph\u00e4re bei der Verarbeitung pers\u00f6nlicher Daten ist uns ein wichtiges Anliegen. Pers\u00f6nliche Daten werden gem\u00e4ss den Bestimmungen des Bundesdatensschutzgesetzes BDSG verwendet. Die Betreiber dieser Website verpflichten sich &hellip; Weiter\" \/>\n<meta property=\"og:url\" content=\"https:\/\/www.betterjob.ch\/?page_id=681\" \/>\n<meta property=\"og:site_name\" content=\"BetterJob.ch\" \/>\n<meta property=\"article:modified_time\" content=\"2024-01-14T20:16:36+00:00\" \/>\n<meta name=\"twitter:card\" content=\"summary_large_image\" \/>\n<meta name=\"twitter:label1\" content=\"Gesch\u00e4tzte Lesezeit\" \/>\n\t<meta name=\"twitter:data1\" content=\"4\u00a0Minuten\" \/>\n<script type=\"application\/ld+json\" class=\"yoast-schema-graph\">{\"@context\":\"https:\/\/schema.org\",\"@graph\":[{\"@type\":\"WebPage\",\"@id\":\"https:\/\/www.betterjob.ch\/?page_id=681\",\"url\":\"https:\/\/www.betterjob.ch\/?page_id=681\",\"name\":\"Datenschutz - BetterJob.ch\",\"isPartOf\":{\"@id\":\"https:\/\/www.betterjob.ch\/#website\"},\"datePublished\":\"2024-01-14T20:14:38+00:00\",\"dateModified\":\"2024-01-14T20:16:36+00:00\",\"breadcrumb\":{\"@id\":\"https:\/\/www.betterjob.ch\/?page_id=681#breadcrumb\"},\"inLanguage\":\"de\",\"potentialAction\":[{\"@type\":\"ReadAction\",\"target\":[\"https:\/\/www.betterjob.ch\/?page_id=681\"]}]},{\"@type\":\"BreadcrumbList\",\"@id\":\"https:\/\/www.betterjob.ch\/?page_id=681#breadcrumb\",\"itemListElement\":[{\"@type\":\"ListItem\",\"position\":1,\"name\":\"Startseite\",\"item\":\"https:\/\/www.betterjob.ch\/\"},{\"@type\":\"ListItem\",\"position\":2,\"name\":\"Datenschutz\"}]},{\"@type\":\"WebSite\",\"@id\":\"https:\/\/www.betterjob.ch\/#website\",\"url\":\"https:\/\/www.betterjob.ch\/\",\"name\":\"BetterJob.ch\",\"description\":\"Arbeitsvermittlung &amp; Personalselektion\",\"publisher\":{\"@id\":\"https:\/\/www.betterjob.ch\/#organization\"},\"potentialAction\":[{\"@type\":\"SearchAction\",\"target\":{\"@type\":\"EntryPoint\",\"urlTemplate\":\"https:\/\/www.betterjob.ch\/?s={search_term_string}\"},\"query-input\":\"required name=search_term_string\"}],\"inLanguage\":\"de\"},{\"@type\":\"Organization\",\"@id\":\"https:\/\/www.betterjob.ch\/#organization\",\"name\":\"Better Job Schwitzerland\",\"url\":\"https:\/\/www.betterjob.ch\/\",\"logo\":{\"@type\":\"ImageObject\",\"inLanguage\":\"de\",\"@id\":\"https:\/\/www.betterjob.ch\/#\/schema\/logo\/image\/\",\"url\":\"https:\/\/www.betterjob.ch\/wp-content\/uploads\/2020\/11\/Logo_160.jpg\",\"contentUrl\":\"https:\/\/www.betterjob.ch\/wp-content\/uploads\/2020\/11\/Logo_160.jpg\",\"width\":160,\"height\":124,\"caption\":\"Better Job Schwitzerland\"},\"image\":{\"@id\":\"https:\/\/www.betterjob.ch\/#\/schema\/logo\/image\/\"}}]}<\/script>\n<!-- \/ Yoast SEO plugin. -->","yoast_head_json":{"title":"Datenschutz - BetterJob.ch","robots":{"index":"index","follow":"follow","max-snippet":"max-snippet:-1","max-image-preview":"max-image-preview:large","max-video-preview":"max-video-preview:-1"},"canonical":"https:\/\/www.betterjob.ch\/?page_id=681","og_locale":"de_DE","og_type":"article","og_title":"Datenschutz - BetterJob.ch","og_description":"Vorwort Wir nehmen den Schutz Ihrer privaten Daten ernst. Die besondere Beachtung der Privatsph\u00e4re bei der Verarbeitung pers\u00f6nlicher Daten ist uns ein wichtiges Anliegen. Pers\u00f6nliche Daten werden gem\u00e4ss den Bestimmungen des Bundesdatensschutzgesetzes BDSG verwendet. Die Betreiber dieser Website verpflichten sich &hellip; Weiter","og_url":"https:\/\/www.betterjob.ch\/?page_id=681","og_site_name":"BetterJob.ch","article_modified_time":"2024-01-14T20:16:36+00:00","twitter_card":"summary_large_image","twitter_misc":{"Gesch\u00e4tzte Lesezeit":"4\u00a0Minuten"},"schema":{"@context":"https:\/\/schema.org","@graph":[{"@type":"WebPage","@id":"https:\/\/www.betterjob.ch\/?page_id=681","url":"https:\/\/www.betterjob.ch\/?page_id=681","name":"Datenschutz - BetterJob.ch","isPartOf":{"@id":"https:\/\/www.betterjob.ch\/#website"},"datePublished":"2024-01-14T20:14:38+00:00","dateModified":"2024-01-14T20:16:36+00:00","breadcrumb":{"@id":"https:\/\/www.betterjob.ch\/?page_id=681#breadcrumb"},"inLanguage":"de","potentialAction":[{"@type":"ReadAction","target":["https:\/\/www.betterjob.ch\/?page_id=681"]}]},{"@type":"BreadcrumbList","@id":"https:\/\/www.betterjob.ch\/?page_id=681#breadcrumb","itemListElement":[{"@type":"ListItem","position":1,"name":"Startseite","item":"https:\/\/www.betterjob.ch\/"},{"@type":"ListItem","position":2,"name":"Datenschutz"}]},{"@type":"WebSite","@id":"https:\/\/www.betterjob.ch\/#website","url":"https:\/\/www.betterjob.ch\/","name":"BetterJob.ch","description":"Arbeitsvermittlung &amp; Personalselektion","publisher":{"@id":"https:\/\/www.betterjob.ch\/#organization"},"potentialAction":[{"@type":"SearchAction","target":{"@type":"EntryPoint","urlTemplate":"https:\/\/www.betterjob.ch\/?s={search_term_string}"},"query-input":"required name=search_term_string"}],"inLanguage":"de"},{"@type":"Organization","@id":"https:\/\/www.betterjob.ch\/#organization","name":"Better Job Schwitzerland","url":"https:\/\/www.betterjob.ch\/","logo":{"@type":"ImageObject","inLanguage":"de","@id":"https:\/\/www.betterjob.ch\/#\/schema\/logo\/image\/","url":"https:\/\/www.betterjob.ch\/wp-content\/uploads\/2020\/11\/Logo_160.jpg","contentUrl":"https:\/\/www.betterjob.ch\/wp-content\/uploads\/2020\/11\/Logo_160.jpg","width":160,"height":124,"caption":"Better Job Schwitzerland"},"image":{"@id":"https:\/\/www.betterjob.ch\/#\/schema\/logo\/image\/"}}]}},"_links":{"self":[{"href":"https:\/\/www.betterjob.ch\/index.php?rest_route=\/wp\/v2\/pages\/681"}],"collection":[{"href":"https:\/\/www.betterjob.ch\/index.php?rest_route=\/wp\/v2\/pages"}],"about":[{"href":"https:\/\/www.betterjob.ch\/index.php?rest_route=\/wp\/v2\/types\/page"}],"author":[{"embeddable":true,"href":"https:\/\/www.betterjob.ch\/index.php?rest_route=\/wp\/v2\/users\/1"}],"replies":[{"embeddable":true,"href":"https:\/\/www.betterjob.ch\/index.php?rest_route=%2Fwp%2Fv2%2Fcomments&post=681"}],"version-history":[{"count":2,"href":"https:\/\/www.betterjob.ch\/index.php?rest_route=\/wp\/v2\/pages\/681\/revisions"}],"predecessor-version":[{"id":684,"href":"https:\/\/www.betterjob.ch\/index.php?rest_route=\/wp\/v2\/pages\/681\/revisions\/684"}],"wp:attachment":[{"href":"https:\/\/www.betterjob.ch\/index.php?rest_route=%2Fwp%2Fv2%2Fmedia&parent=681"}],"curies":[{"name":"wp","href":"https:\/\/api.w.org\/{rel}","templated":true}]}}